{"id":5443,"date":"2021-10-30T23:20:15","date_gmt":"2021-10-30T20:20:15","guid":{"rendered":"https:\/\/portcultural.usv.ro\/?page_id=5443"},"modified":"2021-11-12T11:46:22","modified_gmt":"2021-11-12T09:46:22","slug":"materiale-de-diseminare","status":"publish","type":"page","link":"https:\/\/portcultural.usv.ro\/en\/materiale-de-diseminare\/","title":{"rendered":"Materiale de diseminare"},"content":{"rendered":"<p>V\u0103 punem la dispozi\u021bie urm\u0103toarele lucr\u0103ri editate \u00een cadrul proiectului Portcultural:<\/p>\n<div id='gallery-1' class='gallery galleryid-5443 gallery-columns-4 gallery-size-medium'><figure class='gallery-item'>\n\t\t\t<div class='gallery-icon portrait'>\n\t\t\t\t<a href='https:\/\/portcultural.usv.ro\/wp-content\/uploads\/CopertaCaseTraditionale-e1636565090785.jpg'><img width=\"229\" height=\"300\" src=\"https:\/\/portcultural.usv.ro\/wp-content\/uploads\/CopertaCaseTraditionale-e1636565090785-229x300.jpg\" class=\"attachment-medium size-medium\" alt=\"\" loading=\"lazy\" srcset=\"https:\/\/portcultural.usv.ro\/wp-content\/uploads\/CopertaCaseTraditionale-e1636565090785-229x300.jpg 229w, https:\/\/portcultural.usv.ro\/wp-content\/uploads\/CopertaCaseTraditionale-e1636565090785-115x150.jpg 115w, https:\/\/portcultural.usv.ro\/wp-content\/uploads\/CopertaCaseTraditionale-e1636565090785-9x12.jpg 9w, https:\/\/portcultural.usv.ro\/wp-content\/uploads\/CopertaCaseTraditionale-e1636565090785-18x24.jpg 18w, https:\/\/portcultural.usv.ro\/wp-content\/uploads\/CopertaCaseTraditionale-e1636565090785-28x36.jpg 28w, https:\/\/portcultural.usv.ro\/wp-content\/uploads\/CopertaCaseTraditionale-e1636565090785-37x48.jpg 37w, https:\/\/portcultural.usv.ro\/wp-content\/uploads\/CopertaCaseTraditionale-e1636565090785.jpg 645w\" sizes=\"(max-width: 229px) 100vw, 229px\" \/><\/a>\n\t\t\t<\/div><\/figure><figure class='gallery-item'>\n\t\t\t<div class='gallery-icon portrait'>\n\t\t\t\t<a href='https:\/\/portcultural.usv.ro\/wp-content\/uploads\/coperta_Ghid200-e1636709505165.jpg'><img width=\"207\" height=\"300\" src=\"https:\/\/portcultural.usv.ro\/wp-content\/uploads\/coperta_Ghid200-e1636709505165-207x300.jpg\" class=\"attachment-medium size-medium\" alt=\"\" loading=\"lazy\" srcset=\"https:\/\/portcultural.usv.ro\/wp-content\/uploads\/coperta_Ghid200-e1636709505165-207x300.jpg 207w, https:\/\/portcultural.usv.ro\/wp-content\/uploads\/coperta_Ghid200-e1636709505165-104x150.jpg 104w, https:\/\/portcultural.usv.ro\/wp-content\/uploads\/coperta_Ghid200-e1636709505165-8x12.jpg 8w, https:\/\/portcultural.usv.ro\/wp-content\/uploads\/coperta_Ghid200-e1636709505165-17x24.jpg 17w, https:\/\/portcultural.usv.ro\/wp-content\/uploads\/coperta_Ghid200-e1636709505165-25x36.jpg 25w, https:\/\/portcultural.usv.ro\/wp-content\/uploads\/coperta_Ghid200-e1636709505165-33x48.jpg 33w, https:\/\/portcultural.usv.ro\/wp-content\/uploads\/coperta_Ghid200-e1636709505165.jpg 553w\" sizes=\"(max-width: 207px) 100vw, 207px\" \/><\/a>\n\t\t\t<\/div><\/figure><figure class='gallery-item'>\n\t\t\t<div class='gallery-icon portrait'>\n\t\t\t\t<a href='https:\/\/portcultural.usv.ro\/wp-content\/uploads\/2020_UTGA_A-1.2.6._L1_Indrumar-e1636709663595.jpg'><img width=\"229\" height=\"300\" src=\"https:\/\/portcultural.usv.ro\/wp-content\/uploads\/2020_UTGA_A-1.2.6._L1_Indrumar-e1636709663595-229x300.jpg\" class=\"attachment-medium size-medium\" alt=\"\" loading=\"lazy\" srcset=\"https:\/\/portcultural.usv.ro\/wp-content\/uploads\/2020_UTGA_A-1.2.6._L1_Indrumar-e1636709663595-229x300.jpg 229w, https:\/\/portcultural.usv.ro\/wp-content\/uploads\/2020_UTGA_A-1.2.6._L1_Indrumar-e1636709663595-114x150.jpg 114w, https:\/\/portcultural.usv.ro\/wp-content\/uploads\/2020_UTGA_A-1.2.6._L1_Indrumar-e1636709663595-9x12.jpg 9w, https:\/\/portcultural.usv.ro\/wp-content\/uploads\/2020_UTGA_A-1.2.6._L1_Indrumar-e1636709663595-18x24.jpg 18w, https:\/\/portcultural.usv.ro\/wp-content\/uploads\/2020_UTGA_A-1.2.6._L1_Indrumar-e1636709663595-27x36.jpg 27w, https:\/\/portcultural.usv.ro\/wp-content\/uploads\/2020_UTGA_A-1.2.6._L1_Indrumar-e1636709663595-37x48.jpg 37w, https:\/\/portcultural.usv.ro\/wp-content\/uploads\/2020_UTGA_A-1.2.6._L1_Indrumar-e1636709663595.jpg 610w\" sizes=\"(max-width: 229px) 100vw, 229px\" \/><\/a>\n\t\t\t<\/div><\/figure><figure class='gallery-item'>\n\t\t\t<div class='gallery-icon portrait'>\n\t\t\t\t<a href='https:\/\/portcultural.usv.ro\/wp-content\/uploads\/2020_UMFST_A-3.2.4_L7-Catalog-tiparit.jpg'><img width=\"227\" height=\"300\" src=\"https:\/\/portcultural.usv.ro\/wp-content\/uploads\/2020_UMFST_A-3.2.4_L7-Catalog-tiparit-227x300.jpg\" class=\"attachment-medium size-medium\" alt=\"\" loading=\"lazy\" srcset=\"https:\/\/portcultural.usv.ro\/wp-content\/uploads\/2020_UMFST_A-3.2.4_L7-Catalog-tiparit-227x300.jpg 227w, https:\/\/portcultural.usv.ro\/wp-content\/uploads\/2020_UMFST_A-3.2.4_L7-Catalog-tiparit-114x150.jpg 114w, https:\/\/portcultural.usv.ro\/wp-content\/uploads\/2020_UMFST_A-3.2.4_L7-Catalog-tiparit-9x12.jpg 9w, https:\/\/portcultural.usv.ro\/wp-content\/uploads\/2020_UMFST_A-3.2.4_L7-Catalog-tiparit-18x24.jpg 18w, https:\/\/portcultural.usv.ro\/wp-content\/uploads\/2020_UMFST_A-3.2.4_L7-Catalog-tiparit-27x36.jpg 27w, https:\/\/portcultural.usv.ro\/wp-content\/uploads\/2020_UMFST_A-3.2.4_L7-Catalog-tiparit-36x48.jpg 36w, https:\/\/portcultural.usv.ro\/wp-content\/uploads\/2020_UMFST_A-3.2.4_L7-Catalog-tiparit.jpg 606w\" sizes=\"(max-width: 227px) 100vw, 227px\" \/><\/a>\n\t\t\t<\/div><\/figure><figure class='gallery-item'>\n\t\t\t<div class='gallery-icon portrait'>\n\t\t\t\t<a href='https:\/\/portcultural.usv.ro\/wp-content\/uploads\/2020_UTGA_A1.2.5_L1_Coperta-Album-Bucovina-e1636709735197.jpg'><img width=\"249\" height=\"300\" src=\"https:\/\/portcultural.usv.ro\/wp-content\/uploads\/2020_UTGA_A1.2.5_L1_Coperta-Album-Bucovina-e1636709735197-249x300.jpg\" class=\"attachment-medium size-medium\" alt=\"\" loading=\"lazy\" srcset=\"https:\/\/portcultural.usv.ro\/wp-content\/uploads\/2020_UTGA_A1.2.5_L1_Coperta-Album-Bucovina-e1636709735197-249x300.jpg 249w, https:\/\/portcultural.usv.ro\/wp-content\/uploads\/2020_UTGA_A1.2.5_L1_Coperta-Album-Bucovina-e1636709735197-125x150.jpg 125w, https:\/\/portcultural.usv.ro\/wp-content\/uploads\/2020_UTGA_A1.2.5_L1_Coperta-Album-Bucovina-e1636709735197-10x12.jpg 10w, https:\/\/portcultural.usv.ro\/wp-content\/uploads\/2020_UTGA_A1.2.5_L1_Coperta-Album-Bucovina-e1636709735197-20x24.jpg 20w, https:\/\/portcultural.usv.ro\/wp-content\/uploads\/2020_UTGA_A1.2.5_L1_Coperta-Album-Bucovina-e1636709735197-30x36.jpg 30w, https:\/\/portcultural.usv.ro\/wp-content\/uploads\/2020_UTGA_A1.2.5_L1_Coperta-Album-Bucovina-e1636709735197-40x48.jpg 40w, https:\/\/portcultural.usv.ro\/wp-content\/uploads\/2020_UTGA_A1.2.5_L1_Coperta-Album-Bucovina-e1636709735197.jpg 664w\" sizes=\"(max-width: 249px) 100vw, 249px\" \/><\/a>\n\t\t\t<\/div><\/figure><figure class='gallery-item'>\n\t\t\t<div class='gallery-icon portrait'>\n\t\t\t\t<a href='https:\/\/portcultural.usv.ro\/wp-content\/uploads\/2020_UTGA_A1.2.5_L1_Coperta_Album-Transilvania-de-Sud-e1636709697834.jpg'><img width=\"249\" height=\"300\" src=\"https:\/\/portcultural.usv.ro\/wp-content\/uploads\/2020_UTGA_A1.2.5_L1_Coperta_Album-Transilvania-de-Sud-e1636709697834-249x300.jpg\" class=\"attachment-medium size-medium\" alt=\"\" loading=\"lazy\" srcset=\"https:\/\/portcultural.usv.ro\/wp-content\/uploads\/2020_UTGA_A1.2.5_L1_Coperta_Album-Transilvania-de-Sud-e1636709697834-249x300.jpg 249w, https:\/\/portcultural.usv.ro\/wp-content\/uploads\/2020_UTGA_A1.2.5_L1_Coperta_Album-Transilvania-de-Sud-e1636709697834-125x150.jpg 125w, https:\/\/portcultural.usv.ro\/wp-content\/uploads\/2020_UTGA_A1.2.5_L1_Coperta_Album-Transilvania-de-Sud-e1636709697834-10x12.jpg 10w, https:\/\/portcultural.usv.ro\/wp-content\/uploads\/2020_UTGA_A1.2.5_L1_Coperta_Album-Transilvania-de-Sud-e1636709697834-20x24.jpg 20w, https:\/\/portcultural.usv.ro\/wp-content\/uploads\/2020_UTGA_A1.2.5_L1_Coperta_Album-Transilvania-de-Sud-e1636709697834-30x36.jpg 30w, https:\/\/portcultural.usv.ro\/wp-content\/uploads\/2020_UTGA_A1.2.5_L1_Coperta_Album-Transilvania-de-Sud-e1636709697834-40x48.jpg 40w, https:\/\/portcultural.usv.ro\/wp-content\/uploads\/2020_UTGA_A1.2.5_L1_Coperta_Album-Transilvania-de-Sud-e1636709697834.jpg 664w\" sizes=\"(max-width: 249px) 100vw, 249px\" \/><\/a>\n\t\t\t<\/div><\/figure><figure class='gallery-item'>\n\t\t\t<div class='gallery-icon portrait'>\n\t\t\t\t<a href='https:\/\/portcultural.usv.ro\/wp-content\/uploads\/coperta_CC-e1636709595687.jpg'><img width=\"233\" height=\"300\" src=\"https:\/\/portcultural.usv.ro\/wp-content\/uploads\/coperta_CC-e1636709595687-233x300.jpg\" class=\"attachment-medium size-medium\" alt=\"\" loading=\"lazy\" srcset=\"https:\/\/portcultural.usv.ro\/wp-content\/uploads\/coperta_CC-e1636709595687-233x300.jpg 233w, https:\/\/portcultural.usv.ro\/wp-content\/uploads\/coperta_CC-e1636709595687-117x150.jpg 117w, https:\/\/portcultural.usv.ro\/wp-content\/uploads\/coperta_CC-e1636709595687-9x12.jpg 9w, https:\/\/portcultural.usv.ro\/wp-content\/uploads\/coperta_CC-e1636709595687-19x24.jpg 19w, https:\/\/portcultural.usv.ro\/wp-content\/uploads\/coperta_CC-e1636709595687-28x36.jpg 28w, https:\/\/portcultural.usv.ro\/wp-content\/uploads\/coperta_CC-e1636709595687-37x48.jpg 37w, https:\/\/portcultural.usv.ro\/wp-content\/uploads\/coperta_CC-e1636709595687.jpg 620w\" sizes=\"(max-width: 233px) 100vw, 233px\" \/><\/a>\n\t\t\t<\/div><\/figure>\n\t\t<\/div>\n\n<p>Dac\u0103 dore\u0219ti lucr\u0103rile \u00een format PDF, bifeaz\u0103 denumirea celor dorite \u00een lista de mai jos.<\/p>\n<div role=\"form\" class=\"wpcf7\" id=\"wpcf7-f5974-o1\" lang=\"ro-RO\" dir=\"ltr\">\n<div class=\"screen-reader-response\">\n<p role=\"status\" aria-live=\"polite\" aria-atomic=\"true\"><\/p> <ul><\/ul>\n<\/div>\n<form action=\"\/en\/wp-json\/wp\/v2\/pages\/5443#wpcf7-f5974-o1\" method=\"post\" class=\"wpcf7-form init\" novalidate=\"novalidate\" data-status=\"init\" data-trp-original-action=\"\/en\/wp-json\/wp\/v2\/pages\/5443#wpcf7-f5974-o1\">\n<label class=\"ebd_input\"><input type=\"checkbox\" name=\"ebd_downloads[]\" value=\"5975|Catalog Bucovina. Solu&#539;ii de valorificare a patrimoniului construit din mediul rural\"> Catalog Bucovina. Solu&#539;ii de valorificare a patrimoniului construit din mediul rural<\/label><label class=\"ebd_input\"><input type=\"checkbox\" name=\"ebd_downloads[]\" value=\"5979|Catalog Transilvania de Sud. Solu&#539;ii de valorificare a patrimoniului construit din mediul rural\"> Catalog Transilvania de Sud. Solu&#539;ii de valorificare a patrimoniului construit din mediul rural<\/label><label class=\"ebd_input\"><input type=\"checkbox\" name=\"ebd_downloads[]\" value=\"5981|&Icirc;ndrumar de interven&#539;ii &#537;i mici repara&#539;ii cu tehnici adaptate pentru protejarea construc&#539;iilor tradi&#539;ionale\"> &Icirc;ndrumar de interven&#539;ii &#537;i mici repara&#539;ii cu tehnici adaptate pentru protejarea construc&#539;iilor tradi&#539;ionale<\/label><label class=\"ebd_input\"><input type=\"checkbox\" name=\"ebd_downloads[]\" value=\"5983|Catalog Casele tradi&#539;ionale ale Bucovinei\"> Catalog Casele tradi&#539;ionale ale Bucovinei<\/label><label class=\"ebd_input\"><input type=\"checkbox\" name=\"ebd_downloads[]\" value=\"5985|Catalog Casele tradi&#539;ionale ale Transilvaniei\"> Catalog Casele tradi&#539;ionale ale Transilvaniei<\/label><label class=\"ebd_input\"><input type=\"checkbox\" name=\"ebd_downloads[]\" value=\"5987|Ghid de start-up Cum &icirc;ncep o afacere &icirc;n turism la mine &icirc;n sat?\"> Ghid de start-up Cum &icirc;ncep o afacere &icirc;n turism la mine &icirc;n sat?<\/label><label class=\"ebd_input\"><input type=\"checkbox\" name=\"ebd_downloads[]\" value=\"5989|Ghid de dezvoltare durabil&#259; a comunit&#259;&#539;ilor de interes touristic din mediul rural\"> Ghid de dezvoltare durabil&#259; a comunit&#259;&#539;ilor de interes touristic din mediul rural<\/label><input type=\"hidden\" class=\"ebd_setting\" name=\"ebd_settings[]\" value=\"title|Catalog Bucovina. Solu&Egrave;&#155;ii de valorificare a patrimoniului construit din mediul rural,Catalog Transilvania de Sud. Solu&Egrave;&#155;ii de valorificare a patrimoniului construit din mediul rural,&Atilde;&#142;ndrumar de interven&Egrave;&#155;ii &Egrave;&#153;i mici repara&Egrave;&#155;ii cu tehnici adaptate pentru protejarea construc&Egrave;&#155;iilor tradi&Egrave;&#155;ionale,Catalog Casele tradi&Egrave;&#155;ionale ale Bucovinei,Catalog Casele tradi&Egrave;&#155;ionale ale Transilvaniei,Ghid de start-up Cum &Atilde;&reg;ncep o afacere &Atilde;&reg;n turism la mine &Atilde;&reg;n sat?,Ghid de dezvoltare durabil&Auml;&#131; a comunit&Auml;&#131;&Egrave;&#155;ilor de interes touristic din mediul rural\"><input type=\"hidden\" class=\"ebd_setting\" name=\"ebd_settings[]\" value=\"delivered_as|send email\"><input type=\"hidden\" class=\"ebd_setting\" name=\"ebd_settings[]\" value=\"hide_form|yes\"><input type=\"hidden\" class=\"ebd_setting\" name=\"ebd_settings[]\" value=\"radio|no\"><input type=\"hidden\" class=\"ebd_setting\" name=\"ebd_settings[]\" value=\"expire_time|1 week\"><input type=\"hidden\" class=\"ebd_setting\" name=\"ebd_settings[]\" value=\"from_email|portcultural@usm.ro\"><input type=\"hidden\" class=\"ebd_setting\" name=\"ebd_settings[]\" value=\"from_name|Platforma PortCultural\"><input type=\"hidden\" class=\"ebd_setting\" name=\"ebd_settings[]\" value=\"link_format|_blank\"><input type=\"hidden\" class=\"ebd_setting\" name=\"ebd_settings[]\" value=\"file_thumbnail|yes\"><input type=\"hidden\" class=\"ebd_setting\" name=\"ebd_settings[]\" value=\"item_id|1\"><input type=\"hidden\" class=\"ebd_setting\" name=\"ebd_settings[]\" value=\"form_id|wpcf7-f5974-o1\"><div style=\"display: none;\">\n<input type=\"hidden\" name=\"_wpcf7\" value=\"5974\">\n<input type=\"hidden\" name=\"_wpcf7_version\" value=\"5.4.2\">\n<input type=\"hidden\" name=\"_wpcf7_locale\" value=\"ro_RO\">\n<input type=\"hidden\" name=\"_wpcf7_unit_tag\" value=\"wpcf7-f5974-o1\">\n<input type=\"hidden\" name=\"_wpcf7_container_post\" value=\"0\">\n<input type=\"hidden\" name=\"_wpcf7_posted_data_hash\" value=\"\">\n<\/div>\n<p>Completeaz&#259; formularul urm&#259;tor cu datele tale pentru a putea recep&#539;iona prin email lucr&#259;rile selectate.<br><br>\n<label> Numele t&#259;u<br>\n    <span class=\"wpcf7-form-control-wrap your-name\"><input type=\"text\" name=\"your-name\" value=\"\" size=\"40\" class=\"wpcf7-form-control wpcf7-text wpcf7-validates-as-required\" aria-required=\"true\" aria-invalid=\"false\"><\/span> <\/label><\/p>\n<p><label> Emailul t&#259;u<br>\n    <span class=\"wpcf7-form-control-wrap your-email\"><input type=\"email\" name=\"your-email\" value=\"\" size=\"40\" class=\"wpcf7-form-control wpcf7-text wpcf7-email wpcf7-validates-as-required wpcf7-validates-as-email\" aria-required=\"true\" aria-invalid=\"false\"><\/span> <\/label><\/p>\n<p><label> Organiza&#539;ia reprezentat&#259;<\/label><\/p>\n<p>   <span class=\"wpcf7-form-control-wrap your-org\"><input type=\"text\" name=\"your-org\" value=\"\" size=\"40\" class=\"wpcf7-form-control wpcf7-text\" aria-invalid=\"false\"><\/span> <\/p>\n<p><input type=\"submit\" value=\"Trimite\" class=\"wpcf7-form-control wpcf7-submit\"><\/p>\n<div class=\"wpcf7-response-output\" aria-hidden=\"true\"><\/div>\n<script> var wpcf7f5974o1selectors = \"div#wpcf7-f5974-o1 > form > .ebd_input > input\";\n        jQuery(\"div#wpcf7-f5974-o1 form \").children().not('.ebd_input').not('.wpcf7-response-output').hide();\n        jQuery( wpcf7f5974o1selectors ).on( \"click\", function () {\n            var wpcf7f5974o1n = jQuery( wpcf7f5974o1selectors+\":checked\" ).length;\n            \n            if(wpcf7f5974o1n > 0) jQuery(\"div#wpcf7-f5974-o1 form \").children().not('.ebd_input').not('.wpcf7-response-output').not('script').show();\n            else jQuery(\"div#wpcf7-f5974-o1 form \").children().not('.ebd_input').not('.wpcf7-response-output').not('script').hide();\n        } );    jQuery('.wpcf7-response-output').hide();\n<\/script>\n<input type=\"hidden\" name=\"trp-form-language\" value=\"en\"\/><\/form>\n<\/div>","protected":false},"excerpt":{"rendered":"<p>V\u0103 punem la dispozi\u021bie urm\u0103toarele lucr\u0103ri editate \u00een cadrul proiectului Portcultural: Dac\u0103 dore\u0219ti lucr\u0103rile \u00een format PDF, bifeaz\u0103 denumirea celor dorite \u00een lista de mai jos.<\/p>","protected":false},"author":2,"featured_media":0,"parent":0,"menu_order":0,"comment_status":"closed","ping_status":"closed","template":"","meta":[],"_links":{"self":[{"href":"https:\/\/portcultural.usv.ro\/en\/wp-json\/wp\/v2\/pages\/5443"}],"collection":[{"href":"https:\/\/portcultural.usv.ro\/en\/wp-json\/wp\/v2\/pages"}],"about":[{"href":"https:\/\/portcultural.usv.ro\/en\/wp-json\/wp\/v2\/types\/page"}],"author":[{"embeddable":true,"href":"https:\/\/portcultural.usv.ro\/en\/wp-json\/wp\/v2\/users\/2"}],"replies":[{"embeddable":true,"href":"https:\/\/portcultural.usv.ro\/en\/wp-json\/wp\/v2\/comments?post=5443"}],"version-history":[{"count":8,"href":"https:\/\/portcultural.usv.ro\/en\/wp-json\/wp\/v2\/pages\/5443\/revisions"}],"predecessor-version":[{"id":6042,"href":"https:\/\/portcultural.usv.ro\/en\/wp-json\/wp\/v2\/pages\/5443\/revisions\/6042"}],"wp:attachment":[{"href":"https:\/\/portcultural.usv.ro\/en\/wp-json\/wp\/v2\/media?parent=5443"}],"curies":[{"name":"wp","href":"https:\/\/api.w.org\/{rel}","templated":true}]}}